{"id":30,"date":"2020-06-15T12:13:18","date_gmt":"2020-06-15T12:13:18","guid":{"rendered":"https:\/\/elverumfhs.no\/tjenester\/?page_id=30"},"modified":"2026-01-28T09:01:35","modified_gmt":"2026-01-28T09:01:35","slug":"leie-minibuss","status":"publish","type":"page","link":"https:\/\/elverumfhs.no\/tjenester\/leie-minibuss\/","title":{"rendered":"Leie minibuss"},"content":{"rendered":"\n\t<div class=\"wp-block-elverum-library-hero alignfull has-background has-primary-dark-background-color has-image\">\n\t\t\t\t\t\t\t\t\t<div class=\"wp-block-elverum-library-hero-image\" style=\"background-image:url(https:\/\/elverumfhs.no\/content\/uploads\/sites\/2\/2020\/09\/ElverumFHS_Tjenester_Leie-minibuss_Kj\u00f8ret\u00f8y__web03.jpg);background-position:50% 50%;\"><\/div>\n\t\t\t\n\t\t\t\n\t\t\n\t\t\n\t\t\n\t\t\n\t\t<div class=\"elverum-library-hero-block__inner\">\n\t\t\t<div class=\"elverum-library-hero-block__content text-align-left\">\n\t\t\t\t\t\t\t\t\t\t\t\t\t<h1 class=\"heading-1\">Leie minibuss<\/h1>\n\t\t\t\t\t\t\t\t\t\t\t\t\t<p class=\"elverum-library-hero-block__content-lead\">\u00d8nsker du \u00e5 leie minibuss i Elverum? Lei minibuss, ni-seter eller henger p\u00e5 Elverum folkeh\u00f8gskole til en god pris.<\/p>\n\t\t\t\t\t\t\t<\/div>\n\t\t<\/div>\n\t<\/div>\n\n\t\n\n\n<p>Vi har flere 16-seters minibusser, en ni-seter og to skaptilhengere til utleie. Bilene er driftssikre og vedlikeholdes og vaskes jevnlig.<\/p>\n\n\n<div class=\"gallery-count-2 alignwide wp-block-elverum-library-gallery\">\n\t\t\t<ul><li class=\"blocks-gallery-item\">\n\t\t\t\t<figure>\n\t\t\t\t\t<a href=\"https:\/\/elverumfhs.no\/content\/uploads\/sites\/2\/2020\/09\/ElverumFHS_Tjenester_Leie-minibuss_Kj\u00f8ret\u00f8y__web01.jpg\" data-size=\"1920x1272\">\n\t\t\t\t\t\t\n\t\t\t\t\t\t<img loading=\"lazy\" decoding=\"async\" width=\"1024\" height=\"678\" src=\"https:\/\/elverumfhs.no\/content\/uploads\/sites\/2\/2020\/09\/ElverumFHS_Tjenester_Leie-minibuss_Kj\u00f8ret\u00f8y__web01-1024x678.jpg\" alt=\"Minibusser og biler utenfor Elverum folkeh\u00f8gskole\" data-id=\"154\" data-full-url=\"https:\/\/elverumfhs.no\/content\/uploads\/sites\/2\/2020\/09\/ElverumFHS_Tjenester_Leie-minibuss_Kj\u00f8ret\u00f8y__web01.jpg\" data-caption=\"\" class=\"wp-image-154\" srcset=\"https:\/\/elverumfhs.no\/content\/uploads\/sites\/2\/2020\/09\/ElverumFHS_Tjenester_Leie-minibuss_Kj\u00f8ret\u00f8y__web01-1024x678.jpg 1024w, https:\/\/elverumfhs.no\/content\/uploads\/sites\/2\/2020\/09\/ElverumFHS_Tjenester_Leie-minibuss_Kj\u00f8ret\u00f8y__web01-300x199.jpg 300w, https:\/\/elverumfhs.no\/content\/uploads\/sites\/2\/2020\/09\/ElverumFHS_Tjenester_Leie-minibuss_Kj\u00f8ret\u00f8y__web01-768x509.jpg 768w, https:\/\/elverumfhs.no\/content\/uploads\/sites\/2\/2020\/09\/ElverumFHS_Tjenester_Leie-minibuss_Kj\u00f8ret\u00f8y__web01-1536x1018.jpg 1536w, https:\/\/elverumfhs.no\/content\/uploads\/sites\/2\/2020\/09\/ElverumFHS_Tjenester_Leie-minibuss_Kj\u00f8ret\u00f8y__web01.jpg 1920w\" sizes=\"auto, (max-width: 1024px) 100vw, 1024px\" \/>\n\t\t\t\t\t\t\n\t\t\t\t\t<\/a>\n\t\t\t\t<\/figure>\n\t\t\t<\/li><li class=\"blocks-gallery-item\">\n\t\t\t\t<figure>\n\t\t\t\t\t<a href=\"https:\/\/elverumfhs.no\/content\/uploads\/sites\/2\/2020\/09\/ElverumFHS_Tjenester_Leie-minibuss_Kj\u00f8ret\u00f8y__web02.jpg\" data-size=\"1920x1272\">\n\t\t\t\t\t\t\n\t\t\t\t\t\t<img loading=\"lazy\" decoding=\"async\" width=\"1024\" height=\"678\" src=\"https:\/\/elverumfhs.no\/content\/uploads\/sites\/2\/2020\/09\/ElverumFHS_Tjenester_Leie-minibuss_Kj\u00f8ret\u00f8y__web02-1024x678.jpg\" alt=\"Elverum folkeh\u00f8gskole logo p\u00e5 bil\" data-id=\"155\" data-full-url=\"https:\/\/elverumfhs.no\/content\/uploads\/sites\/2\/2020\/09\/ElverumFHS_Tjenester_Leie-minibuss_Kj\u00f8ret\u00f8y__web02.jpg\" data-caption=\"\" class=\"wp-image-155\" srcset=\"https:\/\/elverumfhs.no\/content\/uploads\/sites\/2\/2020\/09\/ElverumFHS_Tjenester_Leie-minibuss_Kj\u00f8ret\u00f8y__web02-1024x678.jpg 1024w, https:\/\/elverumfhs.no\/content\/uploads\/sites\/2\/2020\/09\/ElverumFHS_Tjenester_Leie-minibuss_Kj\u00f8ret\u00f8y__web02-300x199.jpg 300w, https:\/\/elverumfhs.no\/content\/uploads\/sites\/2\/2020\/09\/ElverumFHS_Tjenester_Leie-minibuss_Kj\u00f8ret\u00f8y__web02-768x509.jpg 768w, https:\/\/elverumfhs.no\/content\/uploads\/sites\/2\/2020\/09\/ElverumFHS_Tjenester_Leie-minibuss_Kj\u00f8ret\u00f8y__web02-1536x1018.jpg 1536w, https:\/\/elverumfhs.no\/content\/uploads\/sites\/2\/2020\/09\/ElverumFHS_Tjenester_Leie-minibuss_Kj\u00f8ret\u00f8y__web02.jpg 1920w\" sizes=\"auto, (max-width: 1024px) 100vw, 1024px\" \/>\n\t\t\t\t\t\t\n\t\t\t\t\t<\/a>\n\t\t\t\t<\/figure>\n\t\t\t<\/li><\/ul>\n\t\t\t\n\t\t<\/div>\n\n\n<h2 class=\"wp-block-heading\" id=\"h-pris-etter-avtale-ta-kontakt\">Pris etter avtale. Ta kontakt.<\/h2>\n\n\n\n<p>Ta kontakt med utleieansvarlig Monica Bekkelien for mer informasjon og n\u00e6rmere avtale og tilbud.<\/p>\n\n\n<div class=\"align wp-block-elverum-library-cards-wrap\"><div class=\"elverum-library-cards__inner\">\n<div class=\"t2-featured-content-layout alignwide alignwide wp-block-t2-featured-content-layout\" role=\"list\">\n<div class=\"t2-featured-single-post t2-featured-content is-post-type-teft-people role-rektor wp-block-t2-featured-single-post t2-featured-content-layout-col-8\" role=\"listitem\"><figure style=\"--t2-focal-point: 52% 39%;\" class=\"t2-post-featured-image has-image-ratio-4-3 wp-block-t2-post-featured-image\"><img loading=\"lazy\" decoding=\"async\" width=\"768\" height=\"1152\" src=\"https:\/\/elverumfhs.no\/content\/uploads\/sites\/2\/2020\/09\/Ansatte_ElverumFHS_2025_Monica-Bekkelien_01_web-768x1152.jpg\" class=\"attachment-medium_large size-medium_large wp-post-image\" alt=\"\" srcset=\"https:\/\/elverumfhs.no\/content\/uploads\/sites\/2\/2020\/09\/Ansatte_ElverumFHS_2025_Monica-Bekkelien_01_web-768x1152.jpg 768w, https:\/\/elverumfhs.no\/content\/uploads\/sites\/2\/2020\/09\/Ansatte_ElverumFHS_2025_Monica-Bekkelien_01_web-200x300.jpg 200w, https:\/\/elverumfhs.no\/content\/uploads\/sites\/2\/2020\/09\/Ansatte_ElverumFHS_2025_Monica-Bekkelien_01_web-683x1024.jpg 683w, https:\/\/elverumfhs.no\/content\/uploads\/sites\/2\/2020\/09\/Ansatte_ElverumFHS_2025_Monica-Bekkelien_01_web-1024x1536.jpg 1024w, https:\/\/elverumfhs.no\/content\/uploads\/sites\/2\/2020\/09\/Ansatte_ElverumFHS_2025_Monica-Bekkelien_01_web.jpg 1280w\" sizes=\"auto, (max-width: 768px) 100vw, 768px\" \/><\/figure>\n\n<h2 class=\"t2-post-title wp-block-t2-post-title\">Monica Bekkelien<\/h2>\n<div class=\"taxonomy-role wp-block-post-terms\">Rektor<\/div>\n<div class=\"card-info wp-block-t2-people-meta\"><div class=\"card-info__post-meta meta-key-people_phone\"><a href=\"tel:41448675\">41448675<\/a><\/div><div class=\"card-info__post-meta meta-key-people_email\"><a href=\"mailto:rektor.monica@elverumfhs.no\">rektor.monica@elverumfhs.no<\/a><\/div><\/div>\n<\/div>\n<\/div>\n<\/div><\/div>","protected":false},"excerpt":{"rendered":"<p>Vi har flere 16-seters minibusser, en ni-seter og to skaptilhengere til utleie. Bilene er driftssikre og vedlikeholdes og vaskes jevnlig. Pris etter avtale. Ta kontakt. Ta kontakt med utleieansvarlig Monica Bekkelien for mer informasjon og n\u00e6rmere avtale og tilbud.<\/p>\n","protected":false},"author":1,"featured_media":156,"parent":0,"menu_order":0,"comment_status":"closed","ping_status":"closed","template":"","meta":{"_acf_changed":false,"t2_featured_media_focal_point":{"x":0.5,"y":0.5},"teft_cards_bgcolor":"","teft_cards_bgcolor_light":"","footnotes":""},"class_list":["post-30","page","type-page","status-publish","has-post-thumbnail","hentry"],"yoast_head":"<!-- This site is optimized with the Yoast SEO Premium plugin v25.2 (Yoast SEO v25.9) - https:\/\/yoast.com\/wordpress\/plugins\/seo\/ -->\n<title>Elverum folkeh\u00f8gskole | Lei minibuss rimelig og effektivt<\/title>\n<meta name=\"description\" content=\"Vi har flere 16-seters minibusser, en ni-seter og to skaptilhengere til utleie. Bilene er driftssikre og vedlikeholdes og vaskes jevnlig. Ta kontakt n\u00e5!\" \/>\n<meta name=\"robots\" content=\"index, follow, max-snippet:-1, max-image-preview:large, max-video-preview:-1\" \/>\n<link rel=\"canonical\" href=\"https:\/\/elverumfhs.no\/tjenester\/leie-minibuss\/\" \/>\n<meta property=\"og:locale\" content=\"nb_NO\" \/>\n<meta property=\"og:type\" content=\"article\" \/>\n<meta property=\"og:title\" content=\"Leie minibuss\" \/>\n<meta property=\"og:description\" content=\"Vi har flere 16-seters minibusser, en ni-seter og to skaptilhengere til utleie. Bilene er driftssikre og vedlikeholdes og vaskes jevnlig. Ta kontakt n\u00e5!\" \/>\n<meta property=\"og:url\" content=\"https:\/\/elverumfhs.no\/tjenester\/leie-minibuss\/\" \/>\n<meta property=\"og:site_name\" content=\"Elverum folkeh\u00f8gskole | Utleie og tjenester\" \/>\n<meta property=\"article:modified_time\" content=\"2026-01-28T09:01:35+00:00\" \/>\n<meta property=\"og:image\" content=\"https:\/\/elverumfhs.no\/content\/uploads\/sites\/2\/2020\/09\/ElverumFHS_Tjenester_Leie-minibuss_Kj\u00f8ret\u00f8y__web03.jpg\" \/>\n\t<meta property=\"og:image:width\" content=\"1920\" \/>\n\t<meta property=\"og:image:height\" content=\"1272\" \/>\n\t<meta property=\"og:image:type\" content=\"image\/jpeg\" \/>\n<meta name=\"twitter:card\" content=\"summary_large_image\" \/>\n<meta name=\"twitter:label1\" content=\"Ansl. lesetid\" \/>\n\t<meta name=\"twitter:data1\" content=\"1 minutt\" \/>\n<script type=\"application\/ld+json\" class=\"yoast-schema-graph\">{\"@context\":\"https:\/\/schema.org\",\"@graph\":[{\"@type\":\"WebPage\",\"@id\":\"https:\/\/elverumfhs.no\/tjenester\/leie-minibuss\/\",\"url\":\"https:\/\/elverumfhs.no\/tjenester\/leie-minibuss\/\",\"name\":\"Elverum folkeh\u00f8gskole | Lei minibuss rimelig og effektivt\",\"isPartOf\":{\"@id\":\"https:\/\/elverumfhs.no\/tjenester\/#website\"},\"primaryImageOfPage\":{\"@id\":\"https:\/\/elverumfhs.no\/tjenester\/leie-minibuss\/#primaryimage\"},\"image\":{\"@id\":\"https:\/\/elverumfhs.no\/tjenester\/leie-minibuss\/#primaryimage\"},\"thumbnailUrl\":\"https:\/\/elverumfhs.no\/content\/uploads\/sites\/2\/2020\/09\/ElverumFHS_Tjenester_Leie-minibuss_Kj\u00f8ret\u00f8y__web03.jpg\",\"datePublished\":\"2020-06-15T12:13:18+00:00\",\"dateModified\":\"2026-01-28T09:01:35+00:00\",\"description\":\"Vi har flere 16-seters minibusser, en ni-seter og to skaptilhengere til utleie. Bilene er driftssikre og vedlikeholdes og vaskes jevnlig. Ta kontakt n\u00e5!\",\"breadcrumb\":{\"@id\":\"https:\/\/elverumfhs.no\/tjenester\/leie-minibuss\/#breadcrumb\"},\"inLanguage\":\"nb-NO\",\"potentialAction\":[{\"@type\":\"ReadAction\",\"target\":[\"https:\/\/elverumfhs.no\/tjenester\/leie-minibuss\/\"]}]},{\"@type\":\"ImageObject\",\"inLanguage\":\"nb-NO\",\"@id\":\"https:\/\/elverumfhs.no\/tjenester\/leie-minibuss\/#primaryimage\",\"url\":\"https:\/\/elverumfhs.no\/content\/uploads\/sites\/2\/2020\/09\/ElverumFHS_Tjenester_Leie-minibuss_Kj\u00f8ret\u00f8y__web03.jpg\",\"contentUrl\":\"https:\/\/elverumfhs.no\/content\/uploads\/sites\/2\/2020\/09\/ElverumFHS_Tjenester_Leie-minibuss_Kj\u00f8ret\u00f8y__web03.jpg\",\"width\":1920,\"height\":1272,\"caption\":\"Minibusser p\u00e5 rekke\"},{\"@type\":\"BreadcrumbList\",\"@id\":\"https:\/\/elverumfhs.no\/tjenester\/leie-minibuss\/#breadcrumb\",\"itemListElement\":[{\"@type\":\"ListItem\",\"position\":1,\"name\":\"Home\",\"item\":\"https:\/\/elverumfhs.no\/tjenester\/\"},{\"@type\":\"ListItem\",\"position\":2,\"name\":\"Leie minibuss\"}]},{\"@type\":\"WebSite\",\"@id\":\"https:\/\/elverumfhs.no\/tjenester\/#website\",\"url\":\"https:\/\/elverumfhs.no\/tjenester\/\",\"name\":\"Elverum folkeh\u00f8gskole | Utleie og tjenester\",\"description\":\"Historiske rammer og gode priser\",\"publisher\":{\"@id\":\"https:\/\/elverumfhs.no\/tjenester\/#organization\"},\"potentialAction\":[{\"@type\":\"SearchAction\",\"target\":{\"@type\":\"EntryPoint\",\"urlTemplate\":\"https:\/\/elverumfhs.no\/tjenester\/?s={search_term_string}\"},\"query-input\":{\"@type\":\"PropertyValueSpecification\",\"valueRequired\":true,\"valueName\":\"search_term_string\"}}],\"inLanguage\":\"nb-NO\"},{\"@type\":\"Organization\",\"@id\":\"https:\/\/elverumfhs.no\/tjenester\/#organization\",\"name\":\"Elverum folkeh\u00f8gskole\",\"url\":\"https:\/\/elverumfhs.no\/tjenester\/\",\"logo\":{\"@type\":\"ImageObject\",\"inLanguage\":\"nb-NO\",\"@id\":\"https:\/\/elverumfhs.no\/tjenester\/#\/schema\/logo\/image\/\",\"url\":\"https:\/\/elverumfhs.no\/content\/uploads\/sites\/2\/2020\/06\/logo.png\",\"contentUrl\":\"https:\/\/elverumfhs.no\/content\/uploads\/sites\/2\/2020\/06\/logo.png\",\"width\":248,\"height\":55,\"caption\":\"Elverum folkeh\u00f8gskole\"},\"image\":{\"@id\":\"https:\/\/elverumfhs.no\/tjenester\/#\/schema\/logo\/image\/\"}}]}<\/script>\n<!-- \/ Yoast SEO Premium plugin. -->","yoast_head_json":{"title":"Elverum folkeh\u00f8gskole | Lei minibuss rimelig og effektivt","description":"Vi har flere 16-seters minibusser, en ni-seter og to skaptilhengere til utleie. Bilene er driftssikre og vedlikeholdes og vaskes jevnlig. Ta kontakt n\u00e5!","robots":{"index":"index","follow":"follow","max-snippet":"max-snippet:-1","max-image-preview":"max-image-preview:large","max-video-preview":"max-video-preview:-1"},"canonical":"https:\/\/elverumfhs.no\/tjenester\/leie-minibuss\/","og_locale":"nb_NO","og_type":"article","og_title":"Leie minibuss","og_description":"Vi har flere 16-seters minibusser, en ni-seter og to skaptilhengere til utleie. Bilene er driftssikre og vedlikeholdes og vaskes jevnlig. Ta kontakt n\u00e5!","og_url":"https:\/\/elverumfhs.no\/tjenester\/leie-minibuss\/","og_site_name":"Elverum folkeh\u00f8gskole | Utleie og tjenester","article_modified_time":"2026-01-28T09:01:35+00:00","og_image":[{"width":1920,"height":1272,"url":"https:\/\/elverumfhs.no\/content\/uploads\/sites\/2\/2020\/09\/ElverumFHS_Tjenester_Leie-minibuss_Kj\u00f8ret\u00f8y__web03.jpg","type":"image\/jpeg"}],"twitter_card":"summary_large_image","twitter_misc":{"Ansl. lesetid":"1 minutt"},"schema":{"@context":"https:\/\/schema.org","@graph":[{"@type":"WebPage","@id":"https:\/\/elverumfhs.no\/tjenester\/leie-minibuss\/","url":"https:\/\/elverumfhs.no\/tjenester\/leie-minibuss\/","name":"Elverum folkeh\u00f8gskole | Lei minibuss rimelig og effektivt","isPartOf":{"@id":"https:\/\/elverumfhs.no\/tjenester\/#website"},"primaryImageOfPage":{"@id":"https:\/\/elverumfhs.no\/tjenester\/leie-minibuss\/#primaryimage"},"image":{"@id":"https:\/\/elverumfhs.no\/tjenester\/leie-minibuss\/#primaryimage"},"thumbnailUrl":"https:\/\/elverumfhs.no\/content\/uploads\/sites\/2\/2020\/09\/ElverumFHS_Tjenester_Leie-minibuss_Kj\u00f8ret\u00f8y__web03.jpg","datePublished":"2020-06-15T12:13:18+00:00","dateModified":"2026-01-28T09:01:35+00:00","description":"Vi har flere 16-seters minibusser, en ni-seter og to skaptilhengere til utleie. Bilene er driftssikre og vedlikeholdes og vaskes jevnlig. Ta kontakt n\u00e5!","breadcrumb":{"@id":"https:\/\/elverumfhs.no\/tjenester\/leie-minibuss\/#breadcrumb"},"inLanguage":"nb-NO","potentialAction":[{"@type":"ReadAction","target":["https:\/\/elverumfhs.no\/tjenester\/leie-minibuss\/"]}]},{"@type":"ImageObject","inLanguage":"nb-NO","@id":"https:\/\/elverumfhs.no\/tjenester\/leie-minibuss\/#primaryimage","url":"https:\/\/elverumfhs.no\/content\/uploads\/sites\/2\/2020\/09\/ElverumFHS_Tjenester_Leie-minibuss_Kj\u00f8ret\u00f8y__web03.jpg","contentUrl":"https:\/\/elverumfhs.no\/content\/uploads\/sites\/2\/2020\/09\/ElverumFHS_Tjenester_Leie-minibuss_Kj\u00f8ret\u00f8y__web03.jpg","width":1920,"height":1272,"caption":"Minibusser p\u00e5 rekke"},{"@type":"BreadcrumbList","@id":"https:\/\/elverumfhs.no\/tjenester\/leie-minibuss\/#breadcrumb","itemListElement":[{"@type":"ListItem","position":1,"name":"Home","item":"https:\/\/elverumfhs.no\/tjenester\/"},{"@type":"ListItem","position":2,"name":"Leie minibuss"}]},{"@type":"WebSite","@id":"https:\/\/elverumfhs.no\/tjenester\/#website","url":"https:\/\/elverumfhs.no\/tjenester\/","name":"Elverum folkeh\u00f8gskole | Utleie og tjenester","description":"Historiske rammer og gode priser","publisher":{"@id":"https:\/\/elverumfhs.no\/tjenester\/#organization"},"potentialAction":[{"@type":"SearchAction","target":{"@type":"EntryPoint","urlTemplate":"https:\/\/elverumfhs.no\/tjenester\/?s={search_term_string}"},"query-input":{"@type":"PropertyValueSpecification","valueRequired":true,"valueName":"search_term_string"}}],"inLanguage":"nb-NO"},{"@type":"Organization","@id":"https:\/\/elverumfhs.no\/tjenester\/#organization","name":"Elverum folkeh\u00f8gskole","url":"https:\/\/elverumfhs.no\/tjenester\/","logo":{"@type":"ImageObject","inLanguage":"nb-NO","@id":"https:\/\/elverumfhs.no\/tjenester\/#\/schema\/logo\/image\/","url":"https:\/\/elverumfhs.no\/content\/uploads\/sites\/2\/2020\/06\/logo.png","contentUrl":"https:\/\/elverumfhs.no\/content\/uploads\/sites\/2\/2020\/06\/logo.png","width":248,"height":55,"caption":"Elverum folkeh\u00f8gskole"},"image":{"@id":"https:\/\/elverumfhs.no\/tjenester\/#\/schema\/logo\/image\/"}}]}},"acf":[],"_links":{"self":[{"href":"https:\/\/elverumfhs.no\/tjenester\/wp-json\/wp\/v2\/pages\/30","targetHints":{"allow":["GET"]}}],"collection":[{"href":"https:\/\/elverumfhs.no\/tjenester\/wp-json\/wp\/v2\/pages"}],"about":[{"href":"https:\/\/elverumfhs.no\/tjenester\/wp-json\/wp\/v2\/types\/page"}],"author":[{"embeddable":true,"href":"https:\/\/elverumfhs.no\/tjenester\/wp-json\/wp\/v2\/users\/1"}],"replies":[{"embeddable":true,"href":"https:\/\/elverumfhs.no\/tjenester\/wp-json\/wp\/v2\/comments?post=30"}],"version-history":[{"count":5,"href":"https:\/\/elverumfhs.no\/tjenester\/wp-json\/wp\/v2\/pages\/30\/revisions"}],"predecessor-version":[{"id":460,"href":"https:\/\/elverumfhs.no\/tjenester\/wp-json\/wp\/v2\/pages\/30\/revisions\/460"}],"wp:featuredmedia":[{"embeddable":true,"href":"https:\/\/elverumfhs.no\/tjenester\/wp-json\/wp\/v2\/media\/156"}],"wp:attachment":[{"href":"https:\/\/elverumfhs.no\/tjenester\/wp-json\/wp\/v2\/media?parent=30"}],"curies":[{"name":"wp","href":"https:\/\/api.w.org\/{rel}","templated":true}]}}