{"id":24,"date":"2020-06-15T12:11:29","date_gmt":"2020-06-15T12:11:29","guid":{"rendered":"https:\/\/elverumfhs.no\/tjenester\/?page_id=24"},"modified":"2026-01-28T09:52:36","modified_gmt":"2026-01-28T09:52:36","slug":"selskaplokaler","status":"publish","type":"page","link":"https:\/\/elverumfhs.no\/tjenester\/selskaplokaler\/","title":{"rendered":"Selskapslokaler"},"content":{"rendered":"\n\t<div class=\"wp-block-elverum-library-hero alignfull has-image\">\n\t\t\t\t\t\t\t\t\t<div class=\"wp-block-elverum-library-hero-image\" style=\"background-image:url(https:\/\/elverumfhs.no\/content\/uploads\/sites\/2\/2025\/02\/IMG_0855-scaled.jpg);background-position:47% 72%;\"><\/div>\n\t\t\t\n\t\t\t\n\t\t\n\t\t\n\t\t\n\t\t\n\t\t<div class=\"elverum-library-hero-block__inner\">\n\t\t\t<div class=\"elverum-library-hero-block__content text-align-left\">\n\t\t\t\t\t\t\t\t\t\t\t\t\t<h1 class=\"heading-1\">Selskapslokaler<\/h1>\n\t\t\t\t\t\t\t\t\t\t\t\t\t<p class=\"elverum-library-hero-block__content-lead\">Vi har lokaler for alle livets begivenheter, jubileum eller andre hyggelige eventer.<\/p>\n\t\t\t\t\t\t\t<\/div>\n\t\t<\/div>\n\t<\/div>\n\n\t\n\n\n<p>Elverum folkeh\u00f8gskole ligger sentralt i Elverum, idyllisk til mellom Sagtjernet og Glomma. De historiske r\u00f8dmalte bygningene i \u00d8sterdal-stil gir den perfekte rammen for ditt selskap. <br><br>Vi har et lokale som tar opp til 100 personer.&nbsp; Det er matsalen i hovedbygget p\u00e5 skola. Her er mye orginalt fra bygge\u00e5ret 1928, lange langbord og h\u00e5ndlagde stoler.<br>Dette lokalet leier vi fortrinnsvis ut fra ca 10. mai\u201315. august, med unntak av tre uker i juli, da har vi sommerstengt.  \u00d8nsker du lokaler for et arrangement innenfor skole\u00e5ret s\u00e5 ta gjerne kontakt, kanskje finner vi en mulighet.  St\u00f8rre eller mindre grupper.<\/p>\n\n\n\n<p>I \u00f8vrige lokaler, slik som Biblioteket og Kongerommet har vi kapasitet opp til henholdsvis 10 og \u00e5tte personer. Disse lokalene kan leies ut hele \u00e5ret.<\/p>\n\n\n\n<p>I sommerhalv\u00e5ret, n\u00e5r v\u00e6ret er fint, kan aperitiff og fingermat serveres ute i atriet eller p\u00e5 takterrassen med utsikt til Sagtjernet. Alternativt inne i peisestua.<\/p>\n\n\n\n<p>Sammen med v\u00e5re dyktige kokker bestemmer du menyen ut fra sesongen og tilgangen p\u00e5 r\u00e5varer, og selvsagt egne \u00f8nsker. Vi legger alltid til rette for ulike allergener.<br>Hvite duker, hvite servietter og hvite lys inkludert er i lokalleien, ved finere selskap.<br>Vi baker alle v\u00e5re kaker p\u00e5 eget kj\u00f8kken. Ta gjerne en titt p\u00e5 v\u00e5r kakemeny.<br>Kakene kan tilpasses ulike allergener. <br>Egne kaker etter avtale. Det tilkommer et tillegg pr person for h\u00e5ndtering og servering av kakene.<\/p>\n\n\n\n<p>Vi har v\u00e6rt vertsskap for vielser, og \u00f8nsker du \u00e5 ha vielse hos oss s\u00e5 legger vi til rette for det. Kom gjerne \u00e5 se p\u00e5 hvilke muligheter som finnes ute og inne.<\/p>\n\n\n\n<p>Skal din bedrift ha kick off eller f eks sommerfest? Da er grillparty i atriet hos oss popul\u00e6rt. V\u00e5re kokker tar fram den store kullgrillen, og serverer en bugnende sommermeny p\u00e5 buff\u00e9.<br>Og selvsagt noe s\u00f8tt til \u00e5 avslutte m\u00e5ltidet med. <br>Uteomr\u00e5det v\u00e5rt kan brukes til teambuilding, lek og moro.<\/p>\n\n\n\n<p>Alkoholholdige drikkevarer avtales individuelt.<\/p>\n\n\n\n<p>Vi leier ut lys- og lydutstyr i forbindelse med arrangement. Sp\u00f8r oss om muligheter og tilbud.<\/p>\n\n\n\n<p>Er v\u00e5r kalender full og vi ikke har kapasitet for ditt arrangement s\u00e5 kan vi levere catering. Se egen cateringmeny. Tilpasninger kan avtales.<\/p>\n\n\n\n<p>Vi tilbyr historisk foredrag om Kongens Nei, om de dramatiske aprildagene i 1940 og Elverum folkeh\u00f8gskoles rolle i denne spennende, men dramatiske historien. Gjerne inkludert middag i matsalen eller enklere bespisning i Kongerommet.<\/p>\n\n\n<div class=\"alignwide wp-block-elverum-library-text-cover\">\n\t\t\t<div class=\"elverum-library-text-cover-block__inner text-align-left\">\n\t\t\t\t<div class=\"elverum-library-text-cover-block__inner-inner\">\n\t\t\t\t\t\n\n<p class=\"has-large-font-size\">I hovedbygningen er det en stor spisesal med plass til ca 100 gjester, og en romslig peisestue med kaffebord og en stor lun peis.<\/p>\n\n\n\t\t\t\t<\/div>\n\t\t\t<\/div>\n\t\t<\/div>\n\n\n<p>I tillegg kan det avtales leie av teatersal med scene, lyd, lys og fremvisningsutstyr, eller foredrags- og konferansesal med sitteplasser til 100 mennesker. Dette leies fortrinnsvis ut utenfor skole\u00e5ret, men ta kontakt s\u00e5 skal vi se om det finnes en mulighet for ditt arrangement.<\/p>\n\n\n\n<p>Ta kontakt med Solrunn Irene Nordlien for l\u00f8sningene som passer for deg og ditt selskap eller arrangement.<\/p>\n\n\n<div class=\"align wp-block-elverum-library-cards-wrap\"><div class=\"elverum-library-cards__inner\">\n<div class=\"t2-featured-content-layout alignwide alignwide wp-block-t2-featured-content-layout\" role=\"list\">\n<div class=\"t2-featured-single-post t2-featured-content is-post-type-teft-people role-utleieansvarlig wp-block-t2-featured-single-post t2-featured-content-layout-col-8\" role=\"listitem\"><figure style=\"--t2-focal-point: 50% 50%;\" class=\"t2-post-featured-image has-image-ratio-4-3 wp-block-t2-post-featured-image\"><img loading=\"lazy\" decoding=\"async\" width=\"768\" height=\"576\" src=\"https:\/\/elverumfhs.no\/content\/uploads\/sites\/2\/2020\/09\/Solrunn-Irene-Nordlien_v2-768x576.jpg\" class=\"attachment-medium_large size-medium_large wp-post-image\" alt=\"\" srcset=\"https:\/\/elverumfhs.no\/content\/uploads\/sites\/2\/2020\/09\/Solrunn-Irene-Nordlien_v2-768x576.jpg 768w, https:\/\/elverumfhs.no\/content\/uploads\/sites\/2\/2020\/09\/Solrunn-Irene-Nordlien_v2-300x225.jpg 300w, https:\/\/elverumfhs.no\/content\/uploads\/sites\/2\/2020\/09\/Solrunn-Irene-Nordlien_v2-1024x768.jpg 1024w, https:\/\/elverumfhs.no\/content\/uploads\/sites\/2\/2020\/09\/Solrunn-Irene-Nordlien_v2-1536x1152.jpg 1536w, https:\/\/elverumfhs.no\/content\/uploads\/sites\/2\/2020\/09\/Solrunn-Irene-Nordlien_v2.jpg 1696w\" sizes=\"auto, (max-width: 768px) 100vw, 768px\" \/><\/figure>\n\n<h2 class=\"t2-post-title wp-block-t2-post-title\">Solrunn Irene Nordlien<\/h2>\n<div class=\"taxonomy-role wp-block-post-terms\">Utleieansvarlig<\/div>\n<div class=\"card-info wp-block-t2-people-meta\"><div class=\"card-info__post-meta meta-key-people_phone\"><a href=\"tel:905 16 892\">905 16 892<\/a><\/div><div class=\"card-info__post-meta meta-key-people_email\"><a href=\"mailto:solrunn@elverumfhs.no\">solrunn@elverumfhs.no<\/a><\/div><\/div>\n<\/div>\n<\/div>\n<\/div><\/div>\n\n<div class=\"alignfull wp-block-elverum-library-cards-wrap\"><div class=\"elverum-library-cards__inner\">\n<div class=\"t2-featured-content-layout alignwide alignwide wp-block-t2-featured-content-layout\" role=\"list\">\n<div class=\"t2-featured-single-post t2-featured-content is-post-type-page wp-block-t2-featured-single-post t2-featured-content-layout-col-6\" role=\"listitem\"><figure style=\"--t2-focal-point: 50% 50%;\" class=\"t2-post-featured-image has-image-ratio-4-3 wp-block-t2-post-featured-image\"><img loading=\"lazy\" decoding=\"async\" width=\"768\" height=\"512\" src=\"https:\/\/elverumfhs.no\/content\/uploads\/sites\/2\/2020\/09\/ElverumFHS_Tjenester_Bryllup_Fest_Selskapslokale__web-768x512.jpg\" class=\"attachment-medium_large size-medium_large wp-post-image\" alt=\"Brudgom smiler i bryllup\" srcset=\"https:\/\/elverumfhs.no\/content\/uploads\/sites\/2\/2020\/09\/ElverumFHS_Tjenester_Bryllup_Fest_Selskapslokale__web-768x512.jpg 768w, https:\/\/elverumfhs.no\/content\/uploads\/sites\/2\/2020\/09\/ElverumFHS_Tjenester_Bryllup_Fest_Selskapslokale__web-300x200.jpg 300w, https:\/\/elverumfhs.no\/content\/uploads\/sites\/2\/2020\/09\/ElverumFHS_Tjenester_Bryllup_Fest_Selskapslokale__web-1024x683.jpg 1024w, https:\/\/elverumfhs.no\/content\/uploads\/sites\/2\/2020\/09\/ElverumFHS_Tjenester_Bryllup_Fest_Selskapslokale__web-1536x1025.jpg 1536w, https:\/\/elverumfhs.no\/content\/uploads\/sites\/2\/2020\/09\/ElverumFHS_Tjenester_Bryllup_Fest_Selskapslokale__web.jpg 1920w\" sizes=\"auto, (max-width: 768px) 100vw, 768px\" \/><\/figure>\n\n\n<h2 class=\"t2-post-title wp-block-t2-post-title\"><a href=\"https:\/\/elverumfhs.no\/tjenester\/selskaplokaler\/bryllup\/\" class=\"t2-post-link\" target=\"_self\" >Bryllup<\/a><\/h2>\n<\/div>\n<\/div>\n<\/div><\/div>\n\n<div class=\"alignfull wp-block-elverum-library-cards-wrap has-background has-primary-light-background-color\"><div class=\"elverum-library-cards__inner\"><h2>Flere tjenester<\/h2>\n<div class=\"t2-featured-content-layout alignwide alignwide wp-block-t2-featured-content-layout\" role=\"list\">\n<div class=\"t2-featured-single-post t2-featured-content is-post-type-page wp-block-t2-featured-single-post t2-featured-content-layout-col-4\" role=\"listitem\"><figure style=\"--t2-focal-point: 50% 50%;\" class=\"t2-post-featured-image has-image-ratio-4-3 wp-block-t2-post-featured-image\"><img loading=\"lazy\" decoding=\"async\" width=\"768\" height=\"513\" src=\"https:\/\/elverumfhs.no\/content\/uploads\/sites\/2\/2020\/09\/ElverumFHS_Internat_Skolebygg_2018_09_web-768x513.jpg\" class=\"attachment-medium_large size-medium_large wp-post-image\" alt=\"Internatrom p\u00e5 Elverum folkeh\u00f8gskole\" srcset=\"https:\/\/elverumfhs.no\/content\/uploads\/sites\/2\/2020\/09\/ElverumFHS_Internat_Skolebygg_2018_09_web-768x513.jpg 768w, https:\/\/elverumfhs.no\/content\/uploads\/sites\/2\/2020\/09\/ElverumFHS_Internat_Skolebygg_2018_09_web-300x200.jpg 300w, https:\/\/elverumfhs.no\/content\/uploads\/sites\/2\/2020\/09\/ElverumFHS_Internat_Skolebygg_2018_09_web-1024x684.jpg 1024w, https:\/\/elverumfhs.no\/content\/uploads\/sites\/2\/2020\/09\/ElverumFHS_Internat_Skolebygg_2018_09_web-1536x1026.jpg 1536w, https:\/\/elverumfhs.no\/content\/uploads\/sites\/2\/2020\/09\/ElverumFHS_Internat_Skolebygg_2018_09_web.jpg 1920w\" sizes=\"auto, (max-width: 768px) 100vw, 768px\" \/><\/figure>\n\n\n<h2 class=\"t2-post-title wp-block-t2-post-title\"><a href=\"https:\/\/elverumfhs.no\/tjenester\/overnatting\/\" class=\"t2-post-link\" target=\"_self\" >Overnatting<\/a><\/h2>\n<\/div>\n\n<div class=\"t2-featured-single-post t2-featured-content is-post-type-page wp-block-t2-featured-single-post t2-featured-content-layout-col-4\" role=\"listitem\"><figure style=\"--t2-focal-point: 50% 50%;\" class=\"t2-post-featured-image has-image-ratio-4-3 wp-block-t2-post-featured-image\"><img loading=\"lazy\" decoding=\"async\" width=\"768\" height=\"511\" src=\"https:\/\/elverumfhs.no\/content\/uploads\/sites\/2\/2025\/02\/eyJ0IjoiMSIsImsiOiJBMWQifQ.6qsaiWVKhUwhIt0vo7F-yZk7qBkhidMfM8AjOuAX9P3YTItSETTPbQv5AQpr-gORq36QbP4BTE6yPDHOEv4A3jKHyyd7_wC6e96mJIV5EuI.36Zymtt6UaLOW0GkdrLusA-768x511.jpeg\" class=\"attachment-medium_large size-medium_large wp-post-image\" alt=\"\" srcset=\"https:\/\/elverumfhs.no\/content\/uploads\/sites\/2\/2025\/02\/eyJ0IjoiMSIsImsiOiJBMWQifQ.6qsaiWVKhUwhIt0vo7F-yZk7qBkhidMfM8AjOuAX9P3YTItSETTPbQv5AQpr-gORq36QbP4BTE6yPDHOEv4A3jKHyyd7_wC6e96mJIV5EuI.36Zymtt6UaLOW0GkdrLusA-768x511.jpeg 768w, https:\/\/elverumfhs.no\/content\/uploads\/sites\/2\/2025\/02\/eyJ0IjoiMSIsImsiOiJBMWQifQ.6qsaiWVKhUwhIt0vo7F-yZk7qBkhidMfM8AjOuAX9P3YTItSETTPbQv5AQpr-gORq36QbP4BTE6yPDHOEv4A3jKHyyd7_wC6e96mJIV5EuI.36Zymtt6UaLOW0GkdrLusA-300x200.jpeg 300w, https:\/\/elverumfhs.no\/content\/uploads\/sites\/2\/2025\/02\/eyJ0IjoiMSIsImsiOiJBMWQifQ.6qsaiWVKhUwhIt0vo7F-yZk7qBkhidMfM8AjOuAX9P3YTItSETTPbQv5AQpr-gORq36QbP4BTE6yPDHOEv4A3jKHyyd7_wC6e96mJIV5EuI.36Zymtt6UaLOW0GkdrLusA-1024x681.jpeg 1024w, https:\/\/elverumfhs.no\/content\/uploads\/sites\/2\/2025\/02\/eyJ0IjoiMSIsImsiOiJBMWQifQ.6qsaiWVKhUwhIt0vo7F-yZk7qBkhidMfM8AjOuAX9P3YTItSETTPbQv5AQpr-gORq36QbP4BTE6yPDHOEv4A3jKHyyd7_wC6e96mJIV5EuI.36Zymtt6UaLOW0GkdrLusA-1536x1022.jpeg 1536w, https:\/\/elverumfhs.no\/content\/uploads\/sites\/2\/2025\/02\/eyJ0IjoiMSIsImsiOiJBMWQifQ.6qsaiWVKhUwhIt0vo7F-yZk7qBkhidMfM8AjOuAX9P3YTItSETTPbQv5AQpr-gORq36QbP4BTE6yPDHOEv4A3jKHyyd7_wC6e96mJIV5EuI.36Zymtt6UaLOW0GkdrLusA.jpeg 1920w\" sizes=\"auto, (max-width: 768px) 100vw, 768px\" \/><\/figure>\n\n\n<h2 class=\"t2-post-title wp-block-t2-post-title\"><a href=\"https:\/\/elverumfhs.no\/tjenester\/catering\/\" class=\"t2-post-link\" target=\"_self\" >Catering<\/a><\/h2>\n<\/div>\n\n<div class=\"t2-featured-single-post t2-featured-content is-post-type-page wp-block-t2-featured-single-post t2-featured-content-layout-col-4\" role=\"listitem\"><figure style=\"--t2-focal-point: 50% 50%;\" class=\"t2-post-featured-image has-image-ratio-4-3 wp-block-t2-post-featured-image\"><img loading=\"lazy\" decoding=\"async\" width=\"768\" height=\"513\" src=\"https:\/\/elverumfhs.no\/content\/uploads\/sites\/2\/2020\/09\/ElverumFHS_Tjenester_Seminar_Konferanse_Kurs__web09-768x513.jpg\" class=\"attachment-medium_large size-medium_large wp-post-image\" alt=\"Kursholder p\u00e5 Elverum folkeh\u00f8gskole\" srcset=\"https:\/\/elverumfhs.no\/content\/uploads\/sites\/2\/2020\/09\/ElverumFHS_Tjenester_Seminar_Konferanse_Kurs__web09-768x513.jpg 768w, https:\/\/elverumfhs.no\/content\/uploads\/sites\/2\/2020\/09\/ElverumFHS_Tjenester_Seminar_Konferanse_Kurs__web09-300x200.jpg 300w, https:\/\/elverumfhs.no\/content\/uploads\/sites\/2\/2020\/09\/ElverumFHS_Tjenester_Seminar_Konferanse_Kurs__web09-1024x684.jpg 1024w, https:\/\/elverumfhs.no\/content\/uploads\/sites\/2\/2020\/09\/ElverumFHS_Tjenester_Seminar_Konferanse_Kurs__web09-1536x1026.jpg 1536w, https:\/\/elverumfhs.no\/content\/uploads\/sites\/2\/2020\/09\/ElverumFHS_Tjenester_Seminar_Konferanse_Kurs__web09.jpg 1920w\" sizes=\"auto, (max-width: 768px) 100vw, 768px\" \/><\/figure>\n\n\n<h2 class=\"t2-post-title wp-block-t2-post-title\"><a href=\"https:\/\/elverumfhs.no\/tjenester\/kurs-konferanser\/\" class=\"t2-post-link\" target=\"_self\" >Kurs og Konferanser<\/a><\/h2>\n<\/div>\n\n<div class=\"t2-featured-single-post t2-featured-content is-post-type-page wp-block-t2-featured-single-post t2-featured-content-layout-col-4\" role=\"listitem\"><figure style=\"--t2-focal-point: 50% 50%;\" class=\"t2-post-featured-image has-image-ratio-4-3 wp-block-t2-post-featured-image\"><img loading=\"lazy\" decoding=\"async\" width=\"768\" height=\"509\" src=\"https:\/\/elverumfhs.no\/content\/uploads\/sites\/2\/2020\/09\/ElverumFHS_Tjenester_Leie-minibuss_Kj\u00f8ret\u00f8y__web03-768x509.jpg\" class=\"attachment-medium_large size-medium_large wp-post-image\" alt=\"Minibusser p\u00e5 rekke\" srcset=\"https:\/\/elverumfhs.no\/content\/uploads\/sites\/2\/2020\/09\/ElverumFHS_Tjenester_Leie-minibuss_Kj\u00f8ret\u00f8y__web03-768x509.jpg 768w, https:\/\/elverumfhs.no\/content\/uploads\/sites\/2\/2020\/09\/ElverumFHS_Tjenester_Leie-minibuss_Kj\u00f8ret\u00f8y__web03-300x199.jpg 300w, https:\/\/elverumfhs.no\/content\/uploads\/sites\/2\/2020\/09\/ElverumFHS_Tjenester_Leie-minibuss_Kj\u00f8ret\u00f8y__web03-1024x678.jpg 1024w, https:\/\/elverumfhs.no\/content\/uploads\/sites\/2\/2020\/09\/ElverumFHS_Tjenester_Leie-minibuss_Kj\u00f8ret\u00f8y__web03-1536x1018.jpg 1536w, https:\/\/elverumfhs.no\/content\/uploads\/sites\/2\/2020\/09\/ElverumFHS_Tjenester_Leie-minibuss_Kj\u00f8ret\u00f8y__web03.jpg 1920w\" sizes=\"auto, (max-width: 768px) 100vw, 768px\" \/><\/figure>\n\n\n<h2 class=\"t2-post-title wp-block-t2-post-title\"><a href=\"https:\/\/elverumfhs.no\/tjenester\/leie-minibuss\/\" class=\"t2-post-link\" target=\"_self\" >Leie minibuss<\/a><\/h2>\n<\/div>\n\n<div class=\"t2-featured-single-post t2-featured-content is-post-type-page wp-block-t2-featured-single-post t2-featured-content-layout-col-4\" role=\"listitem\"><figure style=\"--t2-focal-point: 44% 66%;\" class=\"t2-post-featured-image has-image-ratio-4-3 wp-block-t2-post-featured-image\"><img loading=\"lazy\" decoding=\"async\" width=\"768\" height=\"512\" src=\"https:\/\/elverumfhs.no\/content\/uploads\/sites\/2\/2020\/11\/Elverum-Folkehogskole_Tjenester-Utleie_Scene_Mobilscene_Lys_Lyd_008-768x512.jpg\" class=\"attachment-medium_large size-medium_large wp-post-image\" alt=\"Artister p\u00e5 Elverum folkeh\u00f8gskole utleie scene\" srcset=\"https:\/\/elverumfhs.no\/content\/uploads\/sites\/2\/2020\/11\/Elverum-Folkehogskole_Tjenester-Utleie_Scene_Mobilscene_Lys_Lyd_008-768x512.jpg 768w, https:\/\/elverumfhs.no\/content\/uploads\/sites\/2\/2020\/11\/Elverum-Folkehogskole_Tjenester-Utleie_Scene_Mobilscene_Lys_Lyd_008-300x200.jpg 300w, https:\/\/elverumfhs.no\/content\/uploads\/sites\/2\/2020\/11\/Elverum-Folkehogskole_Tjenester-Utleie_Scene_Mobilscene_Lys_Lyd_008-1024x683.jpg 1024w, https:\/\/elverumfhs.no\/content\/uploads\/sites\/2\/2020\/11\/Elverum-Folkehogskole_Tjenester-Utleie_Scene_Mobilscene_Lys_Lyd_008-1536x1024.jpg 1536w, https:\/\/elverumfhs.no\/content\/uploads\/sites\/2\/2020\/11\/Elverum-Folkehogskole_Tjenester-Utleie_Scene_Mobilscene_Lys_Lyd_008-2048x1365.jpg 2048w\" sizes=\"auto, (max-width: 768px) 100vw, 768px\" \/><\/figure>\n\n\n<h2 class=\"t2-post-title wp-block-t2-post-title\"><a href=\"https:\/\/elverumfhs.no\/tjenester\/leie-lys-lyd-scene\/\" class=\"t2-post-link\" target=\"_self\" >Leie lys, lyd og scene<\/a><\/h2>\n<\/div>\n<\/div>\n<\/div><\/div>","protected":false},"excerpt":{"rendered":"<p>Elverum folkeh\u00f8gskole ligger sentralt i Elverum, idyllisk til mellom Sagtjernet og Glomma. De historiske r\u00f8dmalte bygningene i \u00d8sterdal-stil gir den perfekte rammen for ditt selskap. Vi har et lokale som tar opp til 100 personer.&nbsp; Det er matsalen i hovedbygget p\u00e5 skola. Her er mye orginalt fra bygge\u00e5ret 1928, lange langbord og h\u00e5ndlagde stoler.Dette lokalet [&hellip;]<\/p>\n","protected":false},"author":1,"featured_media":370,"parent":0,"menu_order":0,"comment_status":"closed","ping_status":"closed","template":"","meta":{"_acf_changed":false,"t2_featured_media_focal_point":{"x":0.51,"y":0.4},"teft_cards_bgcolor":"","teft_cards_bgcolor_light":"","footnotes":""},"class_list":["post-24","page","type-page","status-publish","has-post-thumbnail","hentry"],"yoast_head":"<!-- This site is optimized with the Yoast SEO Premium plugin v25.2 (Yoast SEO v25.9) - https:\/\/yoast.com\/wordpress\/plugins\/seo\/ -->\n<title>Elverum folkeh\u00f8gskole | Utleie og tjenester | Selskapslokaler<\/title>\n<meta name=\"robots\" content=\"index, follow, max-snippet:-1, max-image-preview:large, max-video-preview:-1\" \/>\n<link rel=\"canonical\" href=\"https:\/\/elverumfhs.no\/tjenester\/selskaplokaler\/\" \/>\n<meta property=\"og:locale\" content=\"nb_NO\" \/>\n<meta property=\"og:type\" content=\"article\" \/>\n<meta property=\"og:title\" content=\"Selskapslokaler\" \/>\n<meta property=\"og:description\" content=\"Elverum folkeh\u00f8gskole ligger sentralt i Elverum, idyllisk til mellom Sagtjernet og Glomma. De historiske r\u00f8dmalte bygningene i \u00d8sterdal-stil gir den perfekte rammen for ditt selskap. Vi har et lokale som tar opp til 100 personer.&nbsp; Det er matsalen i hovedbygget p\u00e5 skola. Her er mye orginalt fra bygge\u00e5ret 1928, lange langbord og h\u00e5ndlagde stoler.Dette lokalet [&hellip;]\" \/>\n<meta property=\"og:url\" content=\"https:\/\/elverumfhs.no\/tjenester\/selskaplokaler\/\" \/>\n<meta property=\"og:site_name\" content=\"Elverum folkeh\u00f8gskole | Utleie og tjenester\" \/>\n<meta property=\"article:modified_time\" content=\"2026-01-28T09:52:36+00:00\" \/>\n<meta property=\"og:image\" content=\"https:\/\/elverumfhs.no\/content\/uploads\/sites\/2\/2025\/02\/IMG_0855-scaled.jpg\" \/>\n\t<meta property=\"og:image:width\" content=\"2560\" \/>\n\t<meta property=\"og:image:height\" content=\"1920\" \/>\n\t<meta property=\"og:image:type\" content=\"image\/jpeg\" \/>\n<meta name=\"twitter:card\" content=\"summary_large_image\" \/>\n<meta name=\"twitter:label1\" content=\"Ansl. lesetid\" \/>\n\t<meta name=\"twitter:data1\" content=\"3 minutter\" \/>\n<script type=\"application\/ld+json\" class=\"yoast-schema-graph\">{\"@context\":\"https:\/\/schema.org\",\"@graph\":[{\"@type\":\"WebPage\",\"@id\":\"https:\/\/elverumfhs.no\/tjenester\/selskaplokaler\/\",\"url\":\"https:\/\/elverumfhs.no\/tjenester\/selskaplokaler\/\",\"name\":\"Elverum folkeh\u00f8gskole | Utleie og tjenester | Selskapslokaler\",\"isPartOf\":{\"@id\":\"https:\/\/elverumfhs.no\/tjenester\/#website\"},\"primaryImageOfPage\":{\"@id\":\"https:\/\/elverumfhs.no\/tjenester\/selskaplokaler\/#primaryimage\"},\"image\":{\"@id\":\"https:\/\/elverumfhs.no\/tjenester\/selskaplokaler\/#primaryimage\"},\"thumbnailUrl\":\"https:\/\/elverumfhs.no\/content\/uploads\/sites\/2\/2025\/02\/IMG_0855-scaled.jpg\",\"datePublished\":\"2020-06-15T12:11:29+00:00\",\"dateModified\":\"2026-01-28T09:52:36+00:00\",\"breadcrumb\":{\"@id\":\"https:\/\/elverumfhs.no\/tjenester\/selskaplokaler\/#breadcrumb\"},\"inLanguage\":\"nb-NO\",\"potentialAction\":[{\"@type\":\"ReadAction\",\"target\":[\"https:\/\/elverumfhs.no\/tjenester\/selskaplokaler\/\"]}]},{\"@type\":\"ImageObject\",\"inLanguage\":\"nb-NO\",\"@id\":\"https:\/\/elverumfhs.no\/tjenester\/selskaplokaler\/#primaryimage\",\"url\":\"https:\/\/elverumfhs.no\/content\/uploads\/sites\/2\/2025\/02\/IMG_0855-scaled.jpg\",\"contentUrl\":\"https:\/\/elverumfhs.no\/content\/uploads\/sites\/2\/2025\/02\/IMG_0855-scaled.jpg\",\"width\":2560,\"height\":1920},{\"@type\":\"BreadcrumbList\",\"@id\":\"https:\/\/elverumfhs.no\/tjenester\/selskaplokaler\/#breadcrumb\",\"itemListElement\":[{\"@type\":\"ListItem\",\"position\":1,\"name\":\"Home\",\"item\":\"https:\/\/elverumfhs.no\/tjenester\/\"},{\"@type\":\"ListItem\",\"position\":2,\"name\":\"Selskapslokaler\"}]},{\"@type\":\"WebSite\",\"@id\":\"https:\/\/elverumfhs.no\/tjenester\/#website\",\"url\":\"https:\/\/elverumfhs.no\/tjenester\/\",\"name\":\"Elverum folkeh\u00f8gskole | Utleie og tjenester\",\"description\":\"Historiske rammer og gode priser\",\"publisher\":{\"@id\":\"https:\/\/elverumfhs.no\/tjenester\/#organization\"},\"potentialAction\":[{\"@type\":\"SearchAction\",\"target\":{\"@type\":\"EntryPoint\",\"urlTemplate\":\"https:\/\/elverumfhs.no\/tjenester\/?s={search_term_string}\"},\"query-input\":{\"@type\":\"PropertyValueSpecification\",\"valueRequired\":true,\"valueName\":\"search_term_string\"}}],\"inLanguage\":\"nb-NO\"},{\"@type\":\"Organization\",\"@id\":\"https:\/\/elverumfhs.no\/tjenester\/#organization\",\"name\":\"Elverum folkeh\u00f8gskole\",\"url\":\"https:\/\/elverumfhs.no\/tjenester\/\",\"logo\":{\"@type\":\"ImageObject\",\"inLanguage\":\"nb-NO\",\"@id\":\"https:\/\/elverumfhs.no\/tjenester\/#\/schema\/logo\/image\/\",\"url\":\"https:\/\/elverumfhs.no\/content\/uploads\/sites\/2\/2020\/06\/logo.png\",\"contentUrl\":\"https:\/\/elverumfhs.no\/content\/uploads\/sites\/2\/2020\/06\/logo.png\",\"width\":248,\"height\":55,\"caption\":\"Elverum folkeh\u00f8gskole\"},\"image\":{\"@id\":\"https:\/\/elverumfhs.no\/tjenester\/#\/schema\/logo\/image\/\"}}]}<\/script>\n<!-- \/ Yoast SEO Premium plugin. -->","yoast_head_json":{"title":"Elverum folkeh\u00f8gskole | Utleie og tjenester | Selskapslokaler","robots":{"index":"index","follow":"follow","max-snippet":"max-snippet:-1","max-image-preview":"max-image-preview:large","max-video-preview":"max-video-preview:-1"},"canonical":"https:\/\/elverumfhs.no\/tjenester\/selskaplokaler\/","og_locale":"nb_NO","og_type":"article","og_title":"Selskapslokaler","og_description":"Elverum folkeh\u00f8gskole ligger sentralt i Elverum, idyllisk til mellom Sagtjernet og Glomma. De historiske r\u00f8dmalte bygningene i \u00d8sterdal-stil gir den perfekte rammen for ditt selskap. Vi har et lokale som tar opp til 100 personer.&nbsp; Det er matsalen i hovedbygget p\u00e5 skola. Her er mye orginalt fra bygge\u00e5ret 1928, lange langbord og h\u00e5ndlagde stoler.Dette lokalet [&hellip;]","og_url":"https:\/\/elverumfhs.no\/tjenester\/selskaplokaler\/","og_site_name":"Elverum folkeh\u00f8gskole | Utleie og tjenester","article_modified_time":"2026-01-28T09:52:36+00:00","og_image":[{"width":2560,"height":1920,"url":"https:\/\/elverumfhs.no\/content\/uploads\/sites\/2\/2025\/02\/IMG_0855-scaled.jpg","type":"image\/jpeg"}],"twitter_card":"summary_large_image","twitter_misc":{"Ansl. lesetid":"3 minutter"},"schema":{"@context":"https:\/\/schema.org","@graph":[{"@type":"WebPage","@id":"https:\/\/elverumfhs.no\/tjenester\/selskaplokaler\/","url":"https:\/\/elverumfhs.no\/tjenester\/selskaplokaler\/","name":"Elverum folkeh\u00f8gskole | Utleie og tjenester | Selskapslokaler","isPartOf":{"@id":"https:\/\/elverumfhs.no\/tjenester\/#website"},"primaryImageOfPage":{"@id":"https:\/\/elverumfhs.no\/tjenester\/selskaplokaler\/#primaryimage"},"image":{"@id":"https:\/\/elverumfhs.no\/tjenester\/selskaplokaler\/#primaryimage"},"thumbnailUrl":"https:\/\/elverumfhs.no\/content\/uploads\/sites\/2\/2025\/02\/IMG_0855-scaled.jpg","datePublished":"2020-06-15T12:11:29+00:00","dateModified":"2026-01-28T09:52:36+00:00","breadcrumb":{"@id":"https:\/\/elverumfhs.no\/tjenester\/selskaplokaler\/#breadcrumb"},"inLanguage":"nb-NO","potentialAction":[{"@type":"ReadAction","target":["https:\/\/elverumfhs.no\/tjenester\/selskaplokaler\/"]}]},{"@type":"ImageObject","inLanguage":"nb-NO","@id":"https:\/\/elverumfhs.no\/tjenester\/selskaplokaler\/#primaryimage","url":"https:\/\/elverumfhs.no\/content\/uploads\/sites\/2\/2025\/02\/IMG_0855-scaled.jpg","contentUrl":"https:\/\/elverumfhs.no\/content\/uploads\/sites\/2\/2025\/02\/IMG_0855-scaled.jpg","width":2560,"height":1920},{"@type":"BreadcrumbList","@id":"https:\/\/elverumfhs.no\/tjenester\/selskaplokaler\/#breadcrumb","itemListElement":[{"@type":"ListItem","position":1,"name":"Home","item":"https:\/\/elverumfhs.no\/tjenester\/"},{"@type":"ListItem","position":2,"name":"Selskapslokaler"}]},{"@type":"WebSite","@id":"https:\/\/elverumfhs.no\/tjenester\/#website","url":"https:\/\/elverumfhs.no\/tjenester\/","name":"Elverum folkeh\u00f8gskole | Utleie og tjenester","description":"Historiske rammer og gode priser","publisher":{"@id":"https:\/\/elverumfhs.no\/tjenester\/#organization"},"potentialAction":[{"@type":"SearchAction","target":{"@type":"EntryPoint","urlTemplate":"https:\/\/elverumfhs.no\/tjenester\/?s={search_term_string}"},"query-input":{"@type":"PropertyValueSpecification","valueRequired":true,"valueName":"search_term_string"}}],"inLanguage":"nb-NO"},{"@type":"Organization","@id":"https:\/\/elverumfhs.no\/tjenester\/#organization","name":"Elverum folkeh\u00f8gskole","url":"https:\/\/elverumfhs.no\/tjenester\/","logo":{"@type":"ImageObject","inLanguage":"nb-NO","@id":"https:\/\/elverumfhs.no\/tjenester\/#\/schema\/logo\/image\/","url":"https:\/\/elverumfhs.no\/content\/uploads\/sites\/2\/2020\/06\/logo.png","contentUrl":"https:\/\/elverumfhs.no\/content\/uploads\/sites\/2\/2020\/06\/logo.png","width":248,"height":55,"caption":"Elverum folkeh\u00f8gskole"},"image":{"@id":"https:\/\/elverumfhs.no\/tjenester\/#\/schema\/logo\/image\/"}}]}},"acf":[],"_links":{"self":[{"href":"https:\/\/elverumfhs.no\/tjenester\/wp-json\/wp\/v2\/pages\/24","targetHints":{"allow":["GET"]}}],"collection":[{"href":"https:\/\/elverumfhs.no\/tjenester\/wp-json\/wp\/v2\/pages"}],"about":[{"href":"https:\/\/elverumfhs.no\/tjenester\/wp-json\/wp\/v2\/types\/page"}],"author":[{"embeddable":true,"href":"https:\/\/elverumfhs.no\/tjenester\/wp-json\/wp\/v2\/users\/1"}],"replies":[{"embeddable":true,"href":"https:\/\/elverumfhs.no\/tjenester\/wp-json\/wp\/v2\/comments?post=24"}],"version-history":[{"count":5,"href":"https:\/\/elverumfhs.no\/tjenester\/wp-json\/wp\/v2\/pages\/24\/revisions"}],"predecessor-version":[{"id":482,"href":"https:\/\/elverumfhs.no\/tjenester\/wp-json\/wp\/v2\/pages\/24\/revisions\/482"}],"wp:featuredmedia":[{"embeddable":true,"href":"https:\/\/elverumfhs.no\/tjenester\/wp-json\/wp\/v2\/media\/370"}],"wp:attachment":[{"href":"https:\/\/elverumfhs.no\/tjenester\/wp-json\/wp\/v2\/media?parent=24"}],"curies":[{"name":"wp","href":"https:\/\/api.w.org\/{rel}","templated":true}]}}